{"id":6639,"date":"2021-12-15T14:33:19","date_gmt":"2021-12-15T17:33:19","guid":{"rendered":"https:\/\/fmis-law.com.br\/?page_id=6639"},"modified":"2025-03-05T20:48:11","modified_gmt":"2025-03-05T23:48:11","slug":"planejamento-sucessorio-e-familia","status":"publish","type":"page","link":"https:\/\/fmis-law.com.br\/en\/planejamento-sucessorio-e-familia\/","title":{"rendered":"Planejamento Sucess\u00f3rio e Wealth\u00a0Management"},"content":{"rendered":"<div data-colibri-id=\"6639-c1\" class=\"style-4690 style-local-6639-c1 position-relative\">\r\n  <!---->\r\n  <div data-colibri-component=\"section\" data-colibri-id=\"6639-c2\" id=\"blank-2\" class=\"h-section h-section-global-spacing d-flex align-items-lg-center align-items-md-center align-items-center style-4691 style-local-6639-c2 position-relative\">\r\n    <!---->\r\n    <!---->\r\n    <div class=\"h-section-grid-container h-section-boxed-container\">\r\n      <!---->\r\n      <div data-colibri-id=\"6639-c3\" class=\"h-row-container gutters-row-lg-2 gutters-row-md-2 gutters-row-0 gutters-row-v-lg-2 gutters-row-v-md-2 gutters-row-v-2 style-4692 style-local-6639-c3 position-relative\">\r\n        <!---->\r\n        <div class=\"h-row justify-content-lg-center justify-content-md-center justify-content-center align-items-lg-stretch align-items-md-stretch align-items-stretch gutters-col-lg-2 gutters-col-md-2 gutters-col-0 gutters-col-v-lg-2 gutters-col-v-md-2 gutters-col-v-2\">\r\n          <!---->\r\n          <div class=\"h-column h-column-container d-flex h-col-lg-auto h-col-md-auto h-col-auto style-4693-outer style-local-6639-c4-outer\">\r\n            <div data-colibri-id=\"6639-c4\" class=\"d-flex h-flex-basis h-column__inner h-px-lg-2 h-px-md-2 h-px-2 v-inner-lg-2 v-inner-md-2 v-inner-2 style-4693 style-local-6639-c4 position-relative\">\r\n              <!---->\r\n              <!---->\r\n              <div class=\"w-100 h-y-container h-column__content h-column__v-align flex-basis-100 align-self-lg-start align-self-md-start align-self-start\">\r\n                <!---->\r\n                <div data-colibri-id=\"6639-c5\" class=\"h-global-transition-all h-heading style-4694 style-local-6639-c5 position-relative h-element\">\r\n                  <!---->\r\n                  <div class=\"h-heading__outer style-4694 style-local-6639-c5\">\r\n                    <!---->\r\n                    <!---->\r\n                    <h1 class=\"\">Planejamento Sucess\u00f3rio e Wealth&nbsp;Management<\/h1>\r\n                  <\/div>\r\n                <\/div>\r\n              <\/div>\r\n            <\/div>\r\n          <\/div>\r\n        <\/div>\r\n      <\/div>\r\n    <\/div>\r\n  <\/div>\r\n  <div data-colibri-component=\"section\" data-colibri-id=\"6639-c10\" id=\"content\" class=\"h-section h-section-global-spacing d-flex align-items-lg-center align-items-md-center align-items-center style-4699 style-local-6639-c10 position-relative\">\r\n    <!---->\r\n    <!---->\r\n    <div class=\"h-section-grid-container h-section-boxed-container\">\r\n      <!---->\r\n      <div data-colibri-id=\"6639-c11\" class=\"h-row-container gutters-row-lg-3 gutters-row-md-3 gutters-row-2 gutters-row-v-lg-3 gutters-row-v-md-3 gutters-row-v-2 style-4700 style-local-6639-c11 position-relative\">\r\n        <!---->\r\n        <div class=\"h-row justify-content-lg-center justify-content-md-center justify-content-center align-items-lg-stretch align-items-md-stretch align-items-stretch gutters-col-lg-3 gutters-col-md-3 gutters-col-2 gutters-col-v-lg-3 gutters-col-v-md-3 gutters-col-v-2\">\r\n          <!---->\r\n          <div class=\"h-column h-column-container d-flex h-col-lg-auto h-col-md-auto h-col-auto style-4701-outer style-local-6639-c12-outer\">\r\n            <div data-colibri-id=\"6639-c12\" class=\"d-flex h-flex-basis h-column__inner h-px-lg-2 h-px-md-2 h-px-2 v-inner-lg-2 v-inner-md-2 v-inner-2 style-4701 style-local-6639-c12 position-relative\">\r\n              <!---->\r\n              <!---->\r\n              <div class=\"w-100 h-y-container h-column__content h-column__v-align flex-basis-100 align-self-lg-start align-self-md-start align-self-start\">\r\n                <!---->\r\n                <div data-colibri-id=\"6639-c13\" class=\"h-icon style-4702 style-local-6639-c13 position-relative h-element\">\r\n                  <!---->\r\n                  <a href=\"\/en\/gestao-patrimonial-familia-e-sucessoes\/\" h-use-smooth-scroll=\"true\"><span class=\"h-svg-icon h-icon__icon style-4702-icon style-local-6639-c13-icon\"><!--Icon by Font Awesome (https:\/\/fontawesome.com)-->\r\n    <svg version=\"1.1\" xmlns=\"http:\/\/www.w3.org\/2000\/svg\" xmlns:xlink=\"http:\/\/www.w3.org\/1999\/xlink\" id=\"home\" viewbox=\"0 0 1664 1896.0833\">\r\n      <path d=\"M1408 992v480q0 26-19 45t-45 19H960v-384H704v384H320q-26 0-45-19t-19-45V992q0-1 .5-3t.5-3l575-474 575 474q1 2 1 6zm223-69l-62 74q-8 9-21 11h-3q-13 0-21-7L832 424l-692 577q-12 8-24 7-13-2-21-11l-62-74q-8-10-7-23.5T37 878l719-599q32-26 76-26t76 26l244 204V288q0-14 9-23t23-9h192q14 0 23 9t9 23v408l219 182q10 8 11 21.5t-7 23.5z\"><\/path>\r\n    <\/svg><\/span><\/a>\r\n                <\/div>\r\n                <div data-colibri-id=\"6639-c14\" class=\"h-global-transition-all h-heading style-4703 style-local-6639-c14 position-relative h-element\">\r\n                  <!---->\r\n                  <div class=\"h-heading__outer style-4703 style-local-6639-c14\">\r\n                    <!---->\r\n                    <!---->\r\n                    <a href=\"\/en\/gestao-patrimonial-familia-e-sucessoes\/\" h-use-smooth-scroll=\"true\">\r\n                      <h5 class=\"\">Wealth Management, Family and Succession<\/h5>\r\n                    <\/a>\r\n                  <\/div>\r\n                <\/div>\r\n              <\/div>\r\n            <\/div>\r\n          <\/div>\r\n        <\/div>\r\n      <\/div>\r\n    <\/div>\r\n  <\/div>\r\n  <div data-colibri-component=\"section\" data-colibri-id=\"6639-c15\" id=\"cta\" class=\"h-section h-section-global-spacing d-flex align-items-lg-center align-items-md-center align-items-center style-4741 style-local-6639-c15 position-relative\">\r\n    <!---->\r\n    <!---->\r\n    <div class=\"h-section-grid-container h-section-fluid-container\">\r\n      <!---->\r\n      <div data-colibri-id=\"6639-c16\" class=\"h-row-container gutters-row-lg-2 gutters-row-md-2 gutters-row-0 gutters-row-v-lg-2 gutters-row-v-md-2 gutters-row-v-2 style-4742 style-local-6639-c16 position-relative\">\r\n        <!---->\r\n        <div class=\"h-row justify-content-lg-center justify-content-md-center justify-content-center align-items-lg-stretch align-items-md-stretch align-items-stretch gutters-col-lg-2 gutters-col-md-2 gutters-col-0 gutters-col-v-lg-2 gutters-col-v-md-2 gutters-col-v-2\">\r\n          <!---->\r\n          <div class=\"h-column h-column-container d-flex h-col-lg-auto h-col-md-auto h-col-auto style-4743-outer style-local-6639-c17-outer\">\r\n            <div data-colibri-id=\"6639-c17\" class=\"d-flex h-flex-basis h-column__inner h-ui-empty-state-container h-px-lg-2 h-px-md-2 h-px-2 v-inner-lg-2 v-inner-md-2 v-inner-2 style-4743 style-local-6639-c17 position-relative\">\r\n              <!---->\r\n              <!---->\r\n              <div class=\"w-100 h-y-container h-column__content h-column__v-align flex-basis-100\">\r\n                <!---->\r\n              <\/div>\r\n            <\/div>\r\n          <\/div>\r\n        <\/div>\r\n      <\/div>\r\n    <\/div>\r\n  <\/div>\r\n  <div data-colibri-component=\"section\" data-colibri-id=\"6639-c18\" id=\"reusable-sections\" class=\"h-section h-section-global-spacing d-flex align-items-lg-center align-items-md-center align-items-center style-9956 style-local-6639-c18 position-relative\">\r\n    <!---->\r\n    <!---->\r\n    <div class=\"h-section-grid-container h-section-fluid-container\">\r\n      <!---->\r\n      <div data-colibri-id=\"6639-c19\" class=\"h-row-container gutters-row-lg-1 gutters-row-md-1 gutters-row-0 gutters-row-v-lg-1 gutters-row-v-md-1 gutters-row-v-1 style-9957 style-local-6639-c19 position-relative\">\r\n        <!---->\r\n        <div class=\"h-row justify-content-lg-center justify-content-md-center justify-content-center align-items-lg-stretch align-items-md-stretch align-items-stretch gutters-col-lg-1 gutters-col-md-1 gutters-col-0 gutters-col-v-lg-1 gutters-col-v-md-1 gutters-col-v-1\">\r\n          <!---->\r\n          <div class=\"h-column h-column-container d-flex h-col-lg-auto h-col-md-auto h-col-auto style-9958-outer style-local-6639-c20-outer\">\r\n            <div data-colibri-id=\"6639-c20\" class=\"d-flex h-flex-basis h-column__inner h-px-lg-1 h-px-md-1 h-px-1 v-inner-lg-1 v-inner-md-1 v-inner-1 style-9958 style-local-6639-c20 position-relative\">\r\n              <!---->\r\n              <!---->\r\n              <div class=\"w-100 h-y-container h-column__content h-column__v-align flex-basis-100 align-self-lg-center align-self-md-center align-self-center\">\r\n                <!---->\r\n                <div data-colibri-id=\"6639-c21\" class=\"d-block style-9959 style-local-6639-c21 position-relative h-element\">\r\n                  <!---->\r\n                  <div class=\"h-image__frame-container-outer\">\r\n                    <div class=\"h-image__frame-container\">\r\n                      <!---->\r\n                      <!---->\r\n                      <img loading=\"lazy\" decoding=\"async\" width=\"600\" height=\"278\" src=\"https:\/\/fmis-law.com.br\/wp-content\/uploads\/2024\/10\/fmis.png\" class=\"wp-image-14237 style-9959-image style-local-6639-c21-image\" alt=\"\" srcset=\"https:\/\/fmis-law.com.br\/wp-content\/uploads\/2024\/10\/fmis.png 600w, https:\/\/fmis-law.com.br\/wp-content\/uploads\/2024\/10\/fmis-300x139.png 300w, https:\/\/fmis-law.com.br\/wp-content\/uploads\/2024\/10\/fmis-18x8.png 18w\" sizes=\"auto, (max-width: 600px) 100vw, 600px\" \/>\r\n                      <div class=\"h-image__frame h-hide-lg h-hide-md h-hide-sm style-9959-frameImage style-local-6639-c21-frameImage\"><\/div>\r\n                    <\/div>\r\n                  <\/div>\r\n                <\/div>\r\n              <\/div>\r\n            <\/div>\r\n          <\/div>\r\n          <div class=\"h-column h-column-container d-flex h-col-lg-auto h-col-md-auto h-col-auto style-9960-outer style-local-6639-c22-outer\">\r\n            <div data-colibri-id=\"6639-c22\" class=\"d-flex h-flex-basis h-column__inner h-px-lg-1 h-px-md-1 h-px-1 v-inner-lg-1 v-inner-md-1 v-inner-1 style-9960 style-local-6639-c22 position-relative\">\r\n              <!---->\r\n              <!---->\r\n              <div class=\"w-100 h-y-container h-column__content h-column__v-align flex-basis-100 align-self-lg-center align-self-md-center align-self-center\">\r\n                <!---->\r\n                <div data-colibri-id=\"6639-c23\" class=\"h-x-container style-9961 style-local-6639-c23 position-relative h-element\">\r\n                  <!---->\r\n                  <div class=\"h-x-container-inner style-dynamic-6639-c23-group style-9961-spacing style-local-6639-c23-spacing\"><span class=\"h-link__outer style-9962-outer style-local-6639-c24-outer d-inline-flex h-element\"><a h-use-smooth-scroll=\"true\" href=\"\"  data-colibri-id=\"6639-c24\" class=\"d-flex w-100 align-items-center h-link style-9962 style-local-6639-c24 position-relative\"><!----><span  class=\"h-svg-icon h-link__icon style-9962-icon style-local-6639-c24-icon\"><!--Icon by Font Awesome (https:\/\/fontawesome.com)-->\r\n    <svg version=\"1.1\" xmlns=\"http:\/\/www.w3.org\/2000\/svg\" xmlns:xlink=\"http:\/\/www.w3.org\/1999\/xlink\" id=\"map-marker\" viewbox=\"0 0 1049.8953 1896.0833\">\r\n      <path d=\"M768 640q0-106-75-181t-181-75-181 75-75 181 75 181 181 75 181-75 75-181zm256 0q0 109-33 179l-364 774q-16 33-47.5 52t-67.5 19-67.5-19-46.5-52L33 819Q0 749 0 640q0-212 150-362t362-150 362 150 150 362z\"><\/path>\r\n    <\/svg><\/span> <span>Brazil<\/span><\/a>\r\n                    <\/span>\r\n                  <\/div>\r\n                <\/div>\r\n                <div data-colibri-id=\"6639-c25\" class=\"h-x-container style-9963 style-local-6639-c25 position-relative h-element\">\r\n                  <!---->\r\n                  <div class=\"h-x-container-inner style-dynamic-6639-c25-group style-9963-spacing style-local-6639-c25-spacing\"><span class=\"h-link__outer style-9964-outer style-local-6639-c26-outer d-inline-flex h-element\"><a h-use-smooth-scroll=\"true\" href=\"https:\/\/maps.app.goo.gl\/7qF9jxtJFZPDHuXf8\" target=\"_blank\"  data-colibri-id=\"6639-c26\" class=\"d-flex w-100 align-items-center h-link style-9964 style-local-6639-c26 position-relative\"><!----><!----> <span>Pra\u00e7a Jo\u00e3o Duran Alonso, 34, 10\u00b0 andar &#8211; Brooklin &#8211; S\u00e3o Paulo<\/span><\/a>\r\n                    <\/span>\r\n                  <\/div>\r\n                <\/div>\r\n              <\/div>\r\n            <\/div>\r\n          <\/div>\r\n          <div class=\"h-column h-column-container d-flex h-col-lg-auto h-col-md-auto h-col-auto style-9965-outer style-local-6639-c27-outer\">\r\n            <div data-colibri-id=\"6639-c27\" class=\"d-flex h-flex-basis h-column__inner h-px-lg-1 h-px-md-1 h-px-1 v-inner-lg-1 v-inner-md-1 v-inner-1 style-9965 style-local-6639-c27 position-relative\">\r\n              <!---->\r\n              <!---->\r\n              <div class=\"w-100 h-y-container h-column__content h-column__v-align flex-basis-100 align-self-lg-center align-self-md-center align-self-center\">\r\n                <!---->\r\n                <div data-colibri-id=\"6639-c28\" class=\"h-x-container style-9966 style-local-6639-c28 position-relative h-element\">\r\n                  <!---->\r\n                  <div class=\"h-x-container-inner style-dynamic-6639-c28-group style-9966-spacing style-local-6639-c28-spacing\"><span class=\"h-link__outer style-9967-outer style-local-6639-c29-outer d-inline-flex h-element\"><a h-use-smooth-scroll=\"true\" href=\"\/en\/1101 Brickell Ave, South Tower 8th Floor Miami, FL 33131 + 1 (305) 728-8830\/\"  data-colibri-id=\"6639-c29\" class=\"d-flex w-100 align-items-center h-link style-9967 style-local-6639-c29 position-relative\"><!----><span  class=\"h-svg-icon h-link__icon style-9967-icon style-local-6639-c29-icon\"><!--Icon by Font Awesome (https:\/\/fontawesome.com)-->\r\n    <svg version=\"1.1\" xmlns=\"http:\/\/www.w3.org\/2000\/svg\" xmlns:xlink=\"http:\/\/www.w3.org\/1999\/xlink\" id=\"map-marker\" viewbox=\"0 0 1049.8953 1896.0833\">\r\n      <path d=\"M768 640q0-106-75-181t-181-75-181 75-75 181 75 181 181 75 181-75 75-181zm256 0q0 109-33 179l-364 774q-16 33-47.5 52t-67.5 19-67.5-19-46.5-52L33 819Q0 749 0 640q0-212 150-362t362-150 362 150 150 362z\"><\/path>\r\n    <\/svg><\/span> <span>Miami<\/span><\/a>\r\n                    <\/span><span class=\"h-link__outer style-9968-outer style-local-6639-c30-outer d-inline-flex h-element\"><a h-use-smooth-scroll=\"true\" href=\"\/en\/1101 Brickell Ave, South Tower 8th Floor Miami, FL 33131\/\"  data-colibri-id=\"6639-c30\" class=\"d-flex w-100 align-items-center h-link style-9968 style-local-6639-c30 position-relative\"><!----><!----> <span>1101 Brickell Ave, South Tower 8th Floor Miami, FL 33131 <\/span><\/a>\r\n                    <\/span>\r\n                  <\/div>\r\n                <\/div>\r\n              <\/div>\r\n            <\/div>\r\n          <\/div>\r\n          <div class=\"h-column h-column-container d-flex h-col-lg-auto h-col-md-auto h-col-auto style-9969-outer style-local-6639-c31-outer\">\r\n            <div data-colibri-id=\"6639-c31\" class=\"d-flex h-flex-basis h-column__inner h-px-lg-1 h-px-md-1 h-px-1 v-inner-lg-1 v-inner-md-1 v-inner-1 style-9969 style-local-6639-c31 position-relative\">\r\n              <!---->\r\n              <!---->\r\n              <div class=\"w-100 h-y-container h-column__content h-column__v-align flex-basis-100 align-self-lg-center align-self-md-center align-self-center\">\r\n                <!---->\r\n                <div data-colibri-id=\"6639-c32\" class=\"h-x-container style-9970 style-local-6639-c32 position-relative h-element\">\r\n                  <!---->\r\n                  <div class=\"h-x-container-inner style-dynamic-6639-c32-group style-9970-spacing style-local-6639-c32-spacing\"><span class=\"h-link__outer style-9971-outer style-local-6639-c33-outer d-inline-flex h-element\"><a h-use-smooth-scroll=\"true\" href=\"\/en\/Paseo General Mart\u00ednez Campos 49, 6\u00ba planta 28010 Madrid  Spain\/\"  data-colibri-id=\"6639-c33\" class=\"d-flex w-100 align-items-center h-link style-9971 style-local-6639-c33 position-relative\"><!----><span  class=\"h-svg-icon h-link__icon style-9971-icon style-local-6639-c33-icon\"><!--Icon by Font Awesome (https:\/\/fontawesome.com)-->\r\n    <svg version=\"1.1\" xmlns=\"http:\/\/www.w3.org\/2000\/svg\" xmlns:xlink=\"http:\/\/www.w3.org\/1999\/xlink\" id=\"map-marker\" viewbox=\"0 0 1049.8953 1896.0833\">\r\n      <path d=\"M768 640q0-106-75-181t-181-75-181 75-75 181 75 181 181 75 181-75 75-181zm256 0q0 109-33 179l-364 774q-16 33-47.5 52t-67.5 19-67.5-19-46.5-52L33 819Q0 749 0 640q0-212 150-362t362-150 362 150 150 362z\"><\/path>\r\n    <\/svg><\/span> <span>Spain<\/span><\/a>\r\n                    <\/span><span class=\"h-link__outer style-9972-outer style-local-6639-c34-outer d-inline-flex h-element\"><a h-use-smooth-scroll=\"true\" href=\"\/en\/Paseo General Mart\u00ednez Campos 49, 6\u00ba planta 28010 Madrid  Spain\/\"  data-colibri-id=\"6639-c34\" class=\"d-flex w-100 align-items-center h-link style-9972 style-local-6639-c34 position-relative\"><!----><!----> <span>Paseo General Mart\u00ednez Campos 49, 6\u00ba planta 28010 Madrid Spain<\/span><\/a>\r\n                    <\/span>\r\n                  <\/div>\r\n                <\/div>\r\n              <\/div>\r\n            <\/div>\r\n          <\/div>\r\n          <div class=\"h-column h-column-container d-flex h-col-lg-auto h-col-md-auto h-col-auto style-9973-outer style-local-6639-c35-outer\">\r\n            <div data-colibri-id=\"6639-c35\" class=\"d-flex h-flex-basis h-column__inner h-px-lg-1 h-px-md-1 h-px-1 v-inner-lg-1 v-inner-md-1 v-inner-1 style-9973 style-local-6639-c35 position-relative\">\r\n              <!---->\r\n              <!---->\r\n              <div class=\"w-100 h-y-container h-column__content h-column__v-align flex-basis-100 align-self-lg-center align-self-md-center align-self-center\">\r\n                <!---->\r\n                <div data-colibri-id=\"6639-c36\" class=\"d-block style-9974 style-local-6639-c36 position-relative h-element\">\r\n                  <!---->\r\n                  <div class=\"h-image__frame-container-outer\">\r\n                    <a href=\"https:\/\/www.bgi-law.com\/en\/\" target=\"_blank\" h-use-smooth-scroll=\"true\" class=\"image-link\">\r\n                      <div class=\"h-image__frame-container\">\r\n                        <!---->\r\n                        <!---->\r\n                        <img loading=\"lazy\" decoding=\"async\" width=\"500\" height=\"500\" src=\"https:\/\/fmis-law.com.br\/wp-content\/uploads\/2024\/11\/Design-sem-nome_012.png\" class=\"wp-image-14587 style-9974-image style-local-6639-c36-image\" alt=\"\" srcset=\"https:\/\/fmis-law.com.br\/wp-content\/uploads\/2024\/11\/Design-sem-nome_012.png 500w, https:\/\/fmis-law.com.br\/wp-content\/uploads\/2024\/11\/Design-sem-nome_012-300x300.png 300w, https:\/\/fmis-law.com.br\/wp-content\/uploads\/2024\/11\/Design-sem-nome_012-150x150.png 150w, https:\/\/fmis-law.com.br\/wp-content\/uploads\/2024\/11\/Design-sem-nome_012-12x12.png 12w\" sizes=\"auto, (max-width: 500px) 100vw, 500px\" \/>\r\n                        <div class=\"h-image__frame h-hide-lg h-hide-md h-hide-sm style-9974-frameImage style-local-6639-c36-frameImage\"><\/div>\r\n                      <\/div>\r\n                    <\/a>\r\n                  <\/div>\r\n                <\/div>\r\n              <\/div>\r\n            <\/div>\r\n          <\/div>\r\n        <\/div>\r\n      <\/div>\r\n    <\/div>\r\n  <\/div>\r\n  <div data-colibri-component=\"section\" data-colibri-id=\"6639-c41\" id=\"custom\" class=\"h-section h-section-global-spacing d-flex align-items-lg-center align-items-md-center align-items-center style-4769 style-local-6639-c41 position-relative\">\r\n    <!---->\r\n    <!---->\r\n    <div class=\"h-section-grid-container h-section-fluid-container\">\r\n      <!---->\r\n      <div data-colibri-id=\"6639-c42\" class=\"h-row-container gutters-row-lg-0 gutters-row-md-0 gutters-row-0 gutters-row-v-lg-0 gutters-row-v-md-0 gutters-row-v-0 style-4770 style-local-6639-c42 position-relative\">\r\n        <!---->\r\n        <div class=\"h-row justify-content-lg-center justify-content-md-center justify-content-center align-items-lg-stretch align-items-md-stretch align-items-stretch gutters-col-lg-0 gutters-col-md-0 gutters-col-0 gutters-col-v-lg-0 gutters-col-v-md-0 gutters-col-v-0\">\r\n          <!---->\r\n          <div class=\"h-column h-column-container d-flex h-col-lg-6 h-col-md-6 h-col-12 style-4771-outer style-local-6639-c43-outer\">\r\n            <div data-colibri-id=\"6639-c43\" class=\"d-flex h-flex-basis h-column__inner h-px-lg-0 h-px-md-0 h-px-0 v-inner-lg-0 v-inner-md-0 v-inner-0 style-4771 style-local-6639-c43 position-relative\">\r\n              <!---->\r\n              <!---->\r\n              <div class=\"w-100 h-y-container h-column__content h-column__v-align flex-basis-100 align-self-lg-start align-self-md-start align-self-start\">\r\n                <!---->\r\n                <div data-colibri-id=\"6639-c44\" class=\"h-x-container style-4772 style-local-6639-c44 position-relative h-element\">\r\n                  <!---->\r\n                  <div class=\"h-x-container-inner style-dynamic-6639-c44-group style-4772-spacing style-local-6639-c44-spacing\"><span class=\"h-link__outer style-4773-outer style-local-6639-c45-outer d-inline-flex h-element\"><a h-use-smooth-scroll=\"true\" href=\"\" target=\"_blank\"  data-colibri-id=\"6639-c45\" class=\"d-flex w-100 align-items-center h-link style-4773 style-local-6639-c45 position-relative\"><!----><!----> <span>Desenvolvido por M2 Comunica\u00e7\u00e3o Jur\u00eddica<\/span><\/a>\r\n                    <\/span>\r\n                  <\/div>\r\n                <\/div>\r\n              <\/div>\r\n            <\/div>\r\n          <\/div>\r\n          <div class=\"h-column h-column-container d-flex h-col-lg-6 h-col-md-6 h-col-12 style-4774-outer style-local-6639-c46-outer\">\r\n            <div data-colibri-id=\"6639-c46\" class=\"d-flex h-flex-basis h-column__inner h-px-lg-0 h-px-md-0 h-px-0 v-inner-lg-0 v-inner-md-0 v-inner-0 style-4774 style-local-6639-c46 position-relative\">\r\n              <!---->\r\n              <!---->\r\n              <div class=\"w-100 h-y-container h-column__content h-column__v-align flex-basis-100 align-self-lg-start align-self-md-start align-self-start\">\r\n                <!---->\r\n                <div data-colibri-id=\"6639-c47\" class=\"h-text h-text-component style-4775 style-local-6639-c47 position-relative h-element\">\r\n                  <!---->\r\n                  <!---->\r\n                  <div class=\"\">\r\n                    <p>\u00a9 All Rights Reserved.<\/p>\r\n                  <\/div>\r\n                <\/div>\r\n              <\/div>\r\n            <\/div>\r\n          <\/div>\r\n        <\/div>\r\n      <\/div>\r\n    <\/div>\r\n  <\/div>\r\n<\/div>","protected":false},"excerpt":{"rendered":"<p>Planejamento Sucess\u00f3rio e Wealth&nbsp;Management Gest\u00e3o Patrimonial, Fam\u00edlia e Sucess\u00f5es Brasil Pra\u00e7a Jo\u00e3o Duran Alonso, 34, 10\u00b0 andar &#8211; Brooklin &#8211; S\u00e3o Paulo Miami 1101 Brickell Ave, South Tower 8th Floor Miami, FL 33131 Spain Paseo General Mart\u00ednez Campos 49, 6\u00ba planta 28010 Madrid Spain Desenvolvido por M2 Comunica\u00e7\u00e3o Jur\u00eddica \u00a9 Todos os Direitos Reservados.<\/p>","protected":false},"author":1,"featured_media":0,"parent":0,"menu_order":0,"comment_status":"closed","ping_status":"closed","template":"page-templates\/full-width-page.php","meta":{"footnotes":"","_links_to":"","_links_to_target":""},"class_list":["post-6639","page","type-page","status-publish","hentry"],"_links":{"self":[{"href":"https:\/\/fmis-law.com.br\/en\/wp-json\/wp\/v2\/pages\/6639","targetHints":{"allow":["GET"]}}],"collection":[{"href":"https:\/\/fmis-law.com.br\/en\/wp-json\/wp\/v2\/pages"}],"about":[{"href":"https:\/\/fmis-law.com.br\/en\/wp-json\/wp\/v2\/types\/page"}],"author":[{"embeddable":true,"href":"https:\/\/fmis-law.com.br\/en\/wp-json\/wp\/v2\/users\/1"}],"replies":[{"embeddable":true,"href":"https:\/\/fmis-law.com.br\/en\/wp-json\/wp\/v2\/comments?post=6639"}],"version-history":[{"count":8,"href":"https:\/\/fmis-law.com.br\/en\/wp-json\/wp\/v2\/pages\/6639\/revisions"}],"predecessor-version":[{"id":16038,"href":"https:\/\/fmis-law.com.br\/en\/wp-json\/wp\/v2\/pages\/6639\/revisions\/16038"}],"wp:attachment":[{"href":"https:\/\/fmis-law.com.br\/en\/wp-json\/wp\/v2\/media?parent=6639"}],"curies":[{"name":"wp","href":"https:\/\/api.w.org\/{rel}","templated":true}]}}