{"id":4692,"date":"2021-11-09T17:12:07","date_gmt":"2021-11-09T20:12:07","guid":{"rendered":"https:\/\/fmis-law.com.br\/?page_id=4692"},"modified":"2025-03-05T20:57:33","modified_gmt":"2025-03-05T23:57:33","slug":"somos-bgi1","status":"publish","type":"page","link":"https:\/\/fmis-law.com.br\/en\/somos-bgi1\/","title":{"rendered":"Somos BGI Global"},"content":{"rendered":"<div data-colibri-id=\"4692-c1\" class=\"style-1392 style-local-4692-c1 position-relative\">\n  <!---->\n  <div data-colibri-component=\"section\" data-colibri-id=\"4692-c2\" id=\"blank-3\" class=\"h-section h-section-global-spacing d-flex align-items-lg-center align-items-md-center align-items-center style-3360 style-local-4692-c2 position-relative\">\n    <!---->\n    <!---->\n    <div class=\"h-section-grid-container h-section-boxed-container\">\n      <!---->\n      <div data-colibri-id=\"4692-c3\" class=\"h-row-container gutters-row-lg-2 gutters-row-md-2 gutters-row-0 gutters-row-v-lg-2 gutters-row-v-md-2 gutters-row-v-2 style-3361 style-local-4692-c3 position-relative\">\n        <!---->\n        <div class=\"h-row justify-content-lg-center justify-content-md-center justify-content-center align-items-lg-stretch align-items-md-stretch align-items-stretch gutters-col-lg-2 gutters-col-md-2 gutters-col-0 gutters-col-v-lg-2 gutters-col-v-md-2 gutters-col-v-2\">\n          <!---->\n          <div class=\"h-column h-column-container d-flex h-col-lg-auto h-col-md-auto h-col-auto style-3363-outer style-local-4692-c4-outer\">\n            <div data-colibri-id=\"4692-c4\" class=\"d-flex h-flex-basis h-column__inner h-px-lg-2 h-px-md-2 h-px-2 v-inner-lg-2 v-inner-md-2 v-inner-2 style-3363 style-local-4692-c4 position-relative\">\n              <!---->\n              <!---->\n              <div class=\"w-100 h-y-container h-column__content h-column__v-align flex-basis-100 align-self-lg-start align-self-md-start align-self-start\">\n                <!---->\n                <div data-colibri-id=\"4692-c5\" class=\"h-global-transition-all h-heading style-3368 style-local-4692-c5 position-relative h-element\">\n                  <!---->\n                  <div class=\"h-heading__outer style-3368 style-local-4692-c5\">\n                    <!---->\n                    <!---->\n                    <h1 class=\"\">Somos BGI Global<\/h1>\n                  <\/div>\n                <\/div>\n              <\/div>\n            <\/div>\n          <\/div>\n        <\/div>\n      <\/div>\n    <\/div>\n  <\/div>\n  <div data-colibri-component=\"section\" data-colibri-id=\"4692-c10\" id=\"blank-2\" class=\"h-section h-section-global-spacing d-flex align-items-lg-center align-items-md-center align-items-center style-1509 style-local-4692-c10 position-relative\">\n    <!---->\n    <!---->\n    <div class=\"h-section-grid-container h-section-boxed-container\">\n      <!---->\n      <div data-colibri-id=\"4692-c11\" class=\"h-row-container gutters-row-lg-0 gutters-row-md-0 gutters-row-0 gutters-row-v-lg-0 gutters-row-v-md-0 gutters-row-v-0 style-1510 style-local-4692-c11 position-relative\">\n        <!---->\n        <div class=\"h-row justify-content-lg-center justify-content-md-center justify-content-center align-items-lg-stretch align-items-md-stretch align-items-stretch gutters-col-lg-0 gutters-col-md-0 gutters-col-0 gutters-col-v-lg-0 gutters-col-v-md-0 gutters-col-v-0\">\n          <!---->\n          <div class=\"h-column h-column-container d-flex h-col-lg-auto h-col-md-auto h-col-auto style-1511-outer style-local-4692-c12-outer\">\n            <div data-colibri-id=\"4692-c12\" class=\"d-flex h-flex-basis h-column__inner h-px-lg-0 h-px-md-0 h-px-0 v-inner-lg-0 v-inner-md-0 v-inner-0 style-1511 style-local-4692-c12 position-relative\">\n              <!---->\n              <!---->\n              <div class=\"w-100 h-y-container h-column__content h-column__v-align flex-basis-100 align-self-lg-center align-self-md-center align-self-center\">\n                <!---->\n                <div data-colibri-id=\"4692-c13\" class=\"h-divider style-1397 style-local-4692-c13 position-relative h-element\">\n                  <!----><span class=\"h-divider__line style-1397-line style-local-4692-c13-line style-1397-line style-local-4692-c13-line\"><\/span><\/div>\n              <\/div>\n            <\/div>\n          <\/div>\n        <\/div>\n      <\/div>\n    <\/div>\n  <\/div>\n  <div data-colibri-component=\"section\" data-colibri-id=\"4692-c18\" id=\"content\" class=\"h-section h-section-global-spacing d-flex align-items-lg-center align-items-md-center align-items-center style-1393 style-local-4692-c18 position-relative\">\n    <!---->\n    <!---->\n    <div class=\"h-section-grid-container h-section-boxed-container\">\n      <!---->\n      <div data-colibri-id=\"4692-c19\" class=\"h-row-container gutters-row-lg-0 gutters-row-md-0 gutters-row-2 gutters-row-v-lg-0 gutters-row-v-md-0 gutters-row-v-2 style-1394 style-local-4692-c19 position-relative\">\n        <!---->\n        <div class=\"h-row justify-content-lg-center justify-content-md-center justify-content-center align-items-lg-stretch align-items-md-stretch align-items-stretch gutters-col-lg-0 gutters-col-md-0 gutters-col-2 gutters-col-v-lg-0 gutters-col-v-md-0 gutters-col-v-2\">\n          <!---->\n          <div class=\"h-column h-column-container d-flex h-col-lg-6 h-col-md-6 h-col-12 style-1519-outer style-local-4692-c20-outer\">\n            <div data-colibri-id=\"4692-c20\" class=\"d-flex h-flex-basis h-column__inner h-px-lg-3 h-px-md-3 h-px-3 v-inner-lg-3 v-inner-md-3 v-inner-3 style-1519 style-local-4692-c20 position-relative\">\n              <!---->\n              <!---->\n              <div class=\"w-100 h-y-container h-column__content h-column__v-align flex-basis-100 align-self-lg-start align-self-md-start align-self-start\">\n                <!---->\n                <div data-colibri-id=\"4692-c21\" class=\"h-text h-text-component style-1517 style-local-4692-c21 position-relative h-element\">\n                  <!---->\n                  <!---->\n                  <div class=\"\">\n                    <p>BGI is the world's first network of independent, medium-sized, international law firms, designed to deliver the best services to clients around the globe.<\/p>\n                    <p>BGI is based on the following principles: our member offices are medium-sized. We offer complete and personalized services to our customers. We also offer legal consultancy services in the field of international law, involving member offices from different jurisdictions in the same case and appointing members in another jurisdictions or countries.<\/p>\n                  <\/div>\n                <\/div>\n              <\/div>\n            <\/div>\n          <\/div>\n          <div class=\"h-column h-column-container d-flex h-col-lg-6 h-col-md-6 h-col-12 style-1399-outer style-local-4692-c22-outer\">\n            <div data-colibri-id=\"4692-c22\" class=\"d-flex h-flex-basis h-column__inner h-px-lg-3 h-px-md-3 h-px-3 v-inner-lg-3 v-inner-md-3 v-inner-3 style-1399 style-local-4692-c22 position-relative\">\n              <!---->\n              <!---->\n              <div class=\"w-100 h-y-container h-column__content h-column__v-align flex-basis-100 align-self-lg-start align-self-md-start align-self-start\">\n                <!---->\n                <div data-colibri-id=\"4692-c23\" class=\"h-text h-text-component style-1518 style-local-4692-c23 position-relative h-element\">\n                  <!---->\n                  <!---->\n                  <div class=\"\">\n                    <p>We work from a business-oriented, international perspective. Managed by an Executive Board, BGI knows the complex world of business well, and has established a broad and comprehensive network of law firms across five continents \u2013 all of them specializing in different fields, thus allowing each BGI member to contribute with its own particular field of expertise and experience, offering assertive legal solutions.<\/p>\n                    <p>We are a network of lawyers made up of more than 500 professionals and 30 offices worldwide, providing accurate and imaginative legal solutions. We are the solution; we are BGI.<\/p>\n                  <\/div>\n                <\/div>\n              <\/div>\n            <\/div>\n          <\/div>\n        <\/div>\n      <\/div>\n    <\/div>\n  <\/div>\n  <div data-colibri-component=\"section\" data-colibri-id=\"4692-c24\" id=\"cta\" class=\"h-section h-section-global-spacing d-flex align-items-lg-center align-items-md-center align-items-center style-1406 style-local-4692-c24 position-relative\">\n    <!---->\n    <!---->\n    <div class=\"h-section-grid-container h-section-fluid-container\">\n      <!---->\n      <div data-colibri-id=\"4692-c25\" class=\"h-row-container gutters-row-lg-2 gutters-row-md-2 gutters-row-0 gutters-row-v-lg-2 gutters-row-v-md-2 gutters-row-v-2 style-1407 style-local-4692-c25 position-relative\">\n        <!---->\n        <div class=\"h-row justify-content-lg-center justify-content-md-center justify-content-center align-items-lg-stretch align-items-md-stretch align-items-stretch gutters-col-lg-2 gutters-col-md-2 gutters-col-0 gutters-col-v-lg-2 gutters-col-v-md-2 gutters-col-v-2\">\n          <!---->\n          <div class=\"h-column h-column-container d-flex h-col-lg-auto h-col-md-auto h-col-auto style-1408-outer style-local-4692-c26-outer\">\n            <div data-colibri-id=\"4692-c26\" class=\"d-flex h-flex-basis h-column__inner h-ui-empty-state-container h-px-lg-2 h-px-md-2 h-px-2 v-inner-lg-2 v-inner-md-2 v-inner-2 style-1408 style-local-4692-c26 position-relative\">\n              <!---->\n              <!---->\n              <div class=\"w-100 h-y-container h-column__content h-column__v-align flex-basis-100\">\n                <!---->\n              <\/div>\n            <\/div>\n          <\/div>\n        <\/div>\n      <\/div>\n    <\/div>\n  <\/div>\n  <div data-colibri-component=\"section\" data-colibri-id=\"4692-c27\" id=\"reusable-sections-3\" class=\"h-section h-section-global-spacing d-flex align-items-lg-center align-items-md-center align-items-center style-11650 style-local-4692-c27 position-relative\">\n    <!---->\n    <!---->\n    <div class=\"h-section-grid-container h-section-fluid-container\">\n      <!---->\n      <div data-colibri-id=\"4692-c28\" class=\"h-row-container gutters-row-lg-1 gutters-row-md-1 gutters-row-0 gutters-row-v-lg-1 gutters-row-v-md-1 gutters-row-v-1 style-11651 style-local-4692-c28 position-relative\">\n        <!---->\n        <div class=\"h-row justify-content-lg-center justify-content-md-center justify-content-center align-items-lg-stretch align-items-md-stretch align-items-stretch gutters-col-lg-1 gutters-col-md-1 gutters-col-0 gutters-col-v-lg-1 gutters-col-v-md-1 gutters-col-v-1\">\n          <!---->\n          <div class=\"h-column h-column-container d-flex h-col-lg-auto h-col-md-auto h-col-auto style-11652-outer style-local-4692-c29-outer\">\n            <div data-colibri-id=\"4692-c29\" class=\"d-flex h-flex-basis h-column__inner h-px-lg-1 h-px-md-1 h-px-1 v-inner-lg-1 v-inner-md-1 v-inner-1 style-11652 style-local-4692-c29 position-relative\">\n              <!---->\n              <!---->\n              <div class=\"w-100 h-y-container h-column__content h-column__v-align flex-basis-100 align-self-lg-center align-self-md-center align-self-center\">\n                <!---->\n                <div data-colibri-id=\"4692-c30\" class=\"d-block style-11653 style-local-4692-c30 position-relative h-element\">\n                  <!---->\n                  <div class=\"h-image__frame-container-outer\">\n                    <div class=\"h-image__frame-container\">\n                      <!---->\n                      <!---->\n                      <img loading=\"lazy\" decoding=\"async\" width=\"600\" height=\"278\" src=\"https:\/\/fmis-law.com.br\/wp-content\/uploads\/2024\/10\/fmis.png\" class=\"wp-image-14237 style-11653-image style-local-4692-c30-image\" alt=\"\" srcset=\"https:\/\/fmis-law.com.br\/wp-content\/uploads\/2024\/10\/fmis.png 600w, https:\/\/fmis-law.com.br\/wp-content\/uploads\/2024\/10\/fmis-300x139.png 300w, https:\/\/fmis-law.com.br\/wp-content\/uploads\/2024\/10\/fmis-18x8.png 18w\" sizes=\"auto, (max-width: 600px) 100vw, 600px\" \/>\n                      <div class=\"h-image__frame h-hide-lg h-hide-md h-hide-sm style-11653-frameImage style-local-4692-c30-frameImage\"><\/div>\n                    <\/div>\n                  <\/div>\n                <\/div>\n              <\/div>\n            <\/div>\n          <\/div>\n          <div class=\"h-column h-column-container d-flex h-col-lg-auto h-col-md-auto h-col-auto style-11654-outer style-local-4692-c31-outer\">\n            <div data-colibri-id=\"4692-c31\" class=\"d-flex h-flex-basis h-column__inner h-px-lg-1 h-px-md-1 h-px-1 v-inner-lg-1 v-inner-md-1 v-inner-1 style-11654 style-local-4692-c31 position-relative\">\n              <!---->\n              <!---->\n              <div class=\"w-100 h-y-container h-column__content h-column__v-align flex-basis-100 align-self-lg-center align-self-md-center align-self-center\">\n                <!---->\n                <div data-colibri-id=\"4692-c32\" class=\"h-x-container style-11655 style-local-4692-c32 position-relative h-element\">\n                  <!---->\n                  <div class=\"h-x-container-inner style-dynamic-4692-c32-group style-11655-spacing style-local-4692-c32-spacing\"><span class=\"h-link__outer style-11656-outer style-local-4692-c33-outer d-inline-flex h-element\"><a h-use-smooth-scroll=\"true\" href=\"\"  data-colibri-id=\"4692-c33\" class=\"d-flex w-100 align-items-center h-link style-11656 style-local-4692-c33 position-relative\"><!----><span  class=\"h-svg-icon h-link__icon style-11656-icon style-local-4692-c33-icon\"><!--Icon by Font Awesome (https:\/\/fontawesome.com)-->\n    <svg version=\"1.1\" xmlns=\"http:\/\/www.w3.org\/2000\/svg\" xmlns:xlink=\"http:\/\/www.w3.org\/1999\/xlink\" id=\"map-marker\" viewbox=\"0 0 1049.8953 1896.0833\">\n      <path d=\"M768 640q0-106-75-181t-181-75-181 75-75 181 75 181 181 75 181-75 75-181zm256 0q0 109-33 179l-364 774q-16 33-47.5 52t-67.5 19-67.5-19-46.5-52L33 819Q0 749 0 640q0-212 150-362t362-150 362 150 150 362z\"><\/path>\n    <\/svg><\/span> <span>Brazil<\/span><\/a>\n                    <\/span>\n                  <\/div>\n                <\/div>\n                <div data-colibri-id=\"4692-c34\" class=\"h-x-container style-11657 style-local-4692-c34 position-relative h-element\">\n                  <!---->\n                  <div class=\"h-x-container-inner style-dynamic-4692-c34-group style-11657-spacing style-local-4692-c34-spacing\"><span class=\"h-link__outer style-11658-outer style-local-4692-c35-outer d-inline-flex h-element\"><a h-use-smooth-scroll=\"true\" href=\"https:\/\/g.co\/kgs\/U1UdnDT\" target=\"_blank\"  data-colibri-id=\"4692-c35\" class=\"d-flex w-100 align-items-center h-link style-11658 style-local-4692-c35 position-relative\"><!----><!----> <span>Pra\u00e7a Jo\u00e3o Duran Alonso, 34, 10\u00b0 andar Brooklin \u2013 SP<\/span><\/a>\n                    <\/span>\n                  <\/div>\n                <\/div>\n              <\/div>\n            <\/div>\n          <\/div>\n          <div class=\"h-column h-column-container d-flex h-col-lg-auto h-col-md-auto h-col-auto style-11659-outer style-local-4692-c36-outer\">\n            <div data-colibri-id=\"4692-c36\" class=\"d-flex h-flex-basis h-column__inner h-px-lg-1 h-px-md-1 h-px-1 v-inner-lg-1 v-inner-md-1 v-inner-1 style-11659 style-local-4692-c36 position-relative\">\n              <!---->\n              <!---->\n              <div class=\"w-100 h-y-container h-column__content h-column__v-align flex-basis-100 align-self-lg-center align-self-md-center align-self-center\">\n                <!---->\n                <div data-colibri-id=\"4692-c37\" class=\"h-x-container style-11660 style-local-4692-c37 position-relative h-element\">\n                  <!---->\n                  <div class=\"h-x-container-inner style-dynamic-4692-c37-group style-11660-spacing style-local-4692-c37-spacing\"><span class=\"h-link__outer style-11661-outer style-local-4692-c38-outer d-inline-flex h-element\"><a h-use-smooth-scroll=\"true\" href=\"\/en\/1101 Brickell Ave, South Tower 8th Floor Miami, FL 33131 + 1 (305) 728-8830\/\"  data-colibri-id=\"4692-c38\" class=\"d-flex w-100 align-items-center h-link style-11661 style-local-4692-c38 position-relative\"><!----><span  class=\"h-svg-icon h-link__icon style-11661-icon style-local-4692-c38-icon\"><!--Icon by Font Awesome (https:\/\/fontawesome.com)-->\n    <svg version=\"1.1\" xmlns=\"http:\/\/www.w3.org\/2000\/svg\" xmlns:xlink=\"http:\/\/www.w3.org\/1999\/xlink\" id=\"map-marker\" viewbox=\"0 0 1049.8953 1896.0833\">\n      <path d=\"M768 640q0-106-75-181t-181-75-181 75-75 181 75 181 181 75 181-75 75-181zm256 0q0 109-33 179l-364 774q-16 33-47.5 52t-67.5 19-67.5-19-46.5-52L33 819Q0 749 0 640q0-212 150-362t362-150 362 150 150 362z\"><\/path>\n    <\/svg><\/span> <span>Miami<\/span><\/a>\n                    <\/span><span class=\"h-link__outer style-11662-outer style-local-4692-c39-outer d-inline-flex h-element\"><a h-use-smooth-scroll=\"true\" href=\"https:\/\/maps.app.goo.gl\/XK8mnzTAXM7DLKPY8\" target=\"_blank\"  data-colibri-id=\"4692-c39\" class=\"d-flex w-100 align-items-center h-link style-11662 style-local-4692-c39 position-relative\"><!----><!----> <span>1101 Brickell Ave, South Tower 8th Floor Miami, FL 33131 <\/span><\/a>\n                    <\/span>\n                  <\/div>\n                <\/div>\n              <\/div>\n            <\/div>\n          <\/div>\n          <div class=\"h-column h-column-container d-flex h-col-lg-auto h-col-md-auto h-col-auto style-11663-outer style-local-4692-c40-outer\">\n            <div data-colibri-id=\"4692-c40\" class=\"d-flex h-flex-basis h-column__inner h-px-lg-1 h-px-md-1 h-px-1 v-inner-lg-1 v-inner-md-1 v-inner-1 style-11663 style-local-4692-c40 position-relative\">\n              <!---->\n              <!---->\n              <div class=\"w-100 h-y-container h-column__content h-column__v-align flex-basis-100 align-self-lg-center align-self-md-center align-self-center\">\n                <!---->\n                <div data-colibri-id=\"4692-c41\" class=\"h-x-container style-11664 style-local-4692-c41 position-relative h-element\">\n                  <!---->\n                  <div class=\"h-x-container-inner style-dynamic-4692-c41-group style-11664-spacing style-local-4692-c41-spacing\"><span class=\"h-link__outer style-11665-outer style-local-4692-c42-outer d-inline-flex h-element\"><a h-use-smooth-scroll=\"true\" href=\"\/en\/Paseo General Mart\u00ednez Campos 49, 6\u00ba planta 28010 Madrid  Spain\/\"  data-colibri-id=\"4692-c42\" class=\"d-flex w-100 align-items-center h-link style-11665 style-local-4692-c42 position-relative\"><!----><span  class=\"h-svg-icon h-link__icon style-11665-icon style-local-4692-c42-icon\"><!--Icon by Font Awesome (https:\/\/fontawesome.com)-->\n    <svg version=\"1.1\" xmlns=\"http:\/\/www.w3.org\/2000\/svg\" xmlns:xlink=\"http:\/\/www.w3.org\/1999\/xlink\" id=\"map-marker\" viewbox=\"0 0 1049.8953 1896.0833\">\n      <path d=\"M768 640q0-106-75-181t-181-75-181 75-75 181 75 181 181 75 181-75 75-181zm256 0q0 109-33 179l-364 774q-16 33-47.5 52t-67.5 19-67.5-19-46.5-52L33 819Q0 749 0 640q0-212 150-362t362-150 362 150 150 362z\"><\/path>\n    <\/svg><\/span> <span>Spain<\/span><\/a>\n                    <\/span><span class=\"h-link__outer style-11666-outer style-local-4692-c43-outer d-inline-flex h-element\"><a h-use-smooth-scroll=\"true\" href=\"https:\/\/maps.app.goo.gl\/QfmVGfppqdJ7qppr6\" target=\"_blank\"  data-colibri-id=\"4692-c43\" class=\"d-flex w-100 align-items-center h-link style-11666 style-local-4692-c43 position-relative\"><!----><!----> <span>Paseo General Mart\u00ednez Campos 49, 6\u00ba planta 28010 Madrid  Spain<\/span><\/a>\n                    <\/span>\n                  <\/div>\n                <\/div>\n              <\/div>\n            <\/div>\n          <\/div>\n          <div class=\"h-column h-column-container d-flex h-col-lg-auto h-col-md-auto h-col-auto style-11667-outer style-local-4692-c44-outer\">\n            <div data-colibri-id=\"4692-c44\" class=\"d-flex h-flex-basis h-column__inner h-px-lg-1 h-px-md-1 h-px-1 v-inner-lg-1 v-inner-md-1 v-inner-1 style-11667 style-local-4692-c44 position-relative\">\n              <!---->\n              <!---->\n              <div class=\"w-100 h-y-container h-column__content h-column__v-align flex-basis-100 align-self-lg-center align-self-md-center align-self-center\">\n                <!---->\n                <div data-colibri-id=\"4692-c45\" class=\"d-block style-11668 style-local-4692-c45 position-relative h-element\">\n                  <!---->\n                  <div class=\"h-image__frame-container-outer\">\n                    <a href=\"https:\/\/www.bgi-law.com\/en\/\" target=\"_blank\" h-use-smooth-scroll=\"true\" class=\"image-link\">\n                      <div class=\"h-image__frame-container\">\n                        <!---->\n                        <!---->\n                        <img loading=\"lazy\" decoding=\"async\" width=\"500\" height=\"500\" src=\"https:\/\/fmis-law.com.br\/wp-content\/uploads\/2024\/11\/Design-sem-nome_012-1.png\" class=\"wp-image-14733 style-11668-image style-local-4692-c45-image\" alt=\"\" srcset=\"https:\/\/fmis-law.com.br\/wp-content\/uploads\/2024\/11\/Design-sem-nome_012-1.png 500w, https:\/\/fmis-law.com.br\/wp-content\/uploads\/2024\/11\/Design-sem-nome_012-1-300x300.png 300w, https:\/\/fmis-law.com.br\/wp-content\/uploads\/2024\/11\/Design-sem-nome_012-1-150x150.png 150w, https:\/\/fmis-law.com.br\/wp-content\/uploads\/2024\/11\/Design-sem-nome_012-1-12x12.png 12w\" sizes=\"auto, (max-width: 500px) 100vw, 500px\" \/>\n                        <div class=\"h-image__frame h-hide-lg h-hide-md h-hide-sm style-11668-frameImage style-local-4692-c45-frameImage\"><\/div>\n                      <\/div>\n                    <\/a>\n                  <\/div>\n                <\/div>\n              <\/div>\n            <\/div>\n          <\/div>\n        <\/div>\n      <\/div>\n    <\/div>\n  <\/div>\n  <div data-colibri-component=\"section\" data-colibri-id=\"4692-c61\" id=\"reusable-sections\" class=\"h-section h-section-global-spacing d-flex align-items-lg-center align-items-md-center align-items-center style-13069 style-local-4692-c61 position-relative\">\n    <!---->\n    <!---->\n    <div class=\"h-section-grid-container h-section-fluid-container\">\n      <!---->\n      <div data-colibri-id=\"4692-c62\" class=\"h-row-container gutters-row-lg-0 gutters-row-md-0 gutters-row-0 gutters-row-v-lg-0 gutters-row-v-md-0 gutters-row-v-0 style-13070 style-local-4692-c62 position-relative\">\n        <!---->\n        <div class=\"h-row justify-content-lg-center justify-content-md-center justify-content-center align-items-lg-stretch align-items-md-stretch align-items-stretch gutters-col-lg-0 gutters-col-md-0 gutters-col-0 gutters-col-v-lg-0 gutters-col-v-md-0 gutters-col-v-0\">\n          <!---->\n          <div class=\"h-column h-column-container d-flex h-col-lg-6 h-col-md-6 h-col-12 style-13071-outer style-local-4692-c63-outer\">\n            <div data-colibri-id=\"4692-c63\" class=\"d-flex h-flex-basis h-column__inner h-px-lg-0 h-px-md-0 h-px-0 v-inner-lg-0 v-inner-md-0 v-inner-0 style-13071 style-local-4692-c63 position-relative\">\n              <!---->\n              <!---->\n              <div class=\"w-100 h-y-container h-column__content h-column__v-align flex-basis-100 align-self-lg-start align-self-md-start align-self-start\">\n                <!---->\n                <div data-colibri-id=\"4692-c64\" class=\"h-x-container style-13072 style-local-4692-c64 position-relative h-element\">\n                  <!---->\n                  <div class=\"h-x-container-inner style-dynamic-4692-c64-group style-13072-spacing style-local-4692-c64-spacing\"><span class=\"h-link__outer style-13073-outer style-local-4692-c65-outer d-inline-flex h-element\"><a h-use-smooth-scroll=\"true\" href=\"http:\/\/www.m2comunicacao.com.br\" target=\"_blank\"  data-colibri-id=\"4692-c65\" class=\"d-flex w-100 align-items-center h-link style-13073 style-local-4692-c65 position-relative\"><!----><!----> <span>Desenvolvido por M2 Comunica\u00e7\u00e3o Jur\u00eddica<\/span><\/a>\n                    <\/span>\n                  <\/div>\n                <\/div>\n              <\/div>\n            <\/div>\n          <\/div>\n          <div class=\"h-column h-column-container d-flex h-col-lg-6 h-col-md-6 h-col-12 style-13074-outer style-local-4692-c66-outer\">\n            <div data-colibri-id=\"4692-c66\" class=\"d-flex h-flex-basis h-column__inner h-px-lg-0 h-px-md-0 h-px-0 v-inner-lg-0 v-inner-md-0 v-inner-0 style-13074 style-local-4692-c66 position-relative\">\n              <!---->\n              <!---->\n              <div class=\"w-100 h-y-container h-column__content h-column__v-align flex-basis-100 align-self-lg-start align-self-md-start align-self-start\">\n                <!---->\n                <div data-colibri-id=\"4692-c67\" class=\"h-text h-text-component style-13075 style-local-4692-c67 position-relative h-element\">\n                  <!---->\n                  <!---->\n                  <div class=\"\">\n                    <p>\u00a9 All Rights Reserved.<\/p>\n                  <\/div>\n                <\/div>\n              <\/div>\n            <\/div>\n          <\/div>\n        <\/div>\n      <\/div>\n    <\/div>\n  <\/div>\n<\/div>","protected":false},"excerpt":{"rendered":"<p>Somos BGI Global BGI \u00e9 a primeira organiza\u00e7\u00e3o internacional de escrit\u00f3rios de advocacia independentes de m\u00e9dio porte e com atua\u00e7\u00e3o internacional, uma rede projetada para garantir o melhor servi\u00e7o aos seus clientes em qualquer parte do mundo. O BGI \u00e9 baseado nos seguintes princ\u00edpios: nossos escrit\u00f3rios-membros s\u00e3o de m\u00e9dio porte. Oferecemos servi\u00e7os completos e personalizados [&hellip;]<\/p>","protected":false},"author":1,"featured_media":0,"parent":0,"menu_order":0,"comment_status":"closed","ping_status":"closed","template":"page-templates\/full-width-page.php","meta":{"footnotes":"","_links_to":"","_links_to_target":""},"class_list":["post-4692","page","type-page","status-publish","hentry"],"_links":{"self":[{"href":"https:\/\/fmis-law.com.br\/en\/wp-json\/wp\/v2\/pages\/4692","targetHints":{"allow":["GET"]}}],"collection":[{"href":"https:\/\/fmis-law.com.br\/en\/wp-json\/wp\/v2\/pages"}],"about":[{"href":"https:\/\/fmis-law.com.br\/en\/wp-json\/wp\/v2\/types\/page"}],"author":[{"embeddable":true,"href":"https:\/\/fmis-law.com.br\/en\/wp-json\/wp\/v2\/users\/1"}],"replies":[{"embeddable":true,"href":"https:\/\/fmis-law.com.br\/en\/wp-json\/wp\/v2\/comments?post=4692"}],"version-history":[{"count":13,"href":"https:\/\/fmis-law.com.br\/en\/wp-json\/wp\/v2\/pages\/4692\/revisions"}],"predecessor-version":[{"id":16094,"href":"https:\/\/fmis-law.com.br\/en\/wp-json\/wp\/v2\/pages\/4692\/revisions\/16094"}],"wp:attachment":[{"href":"https:\/\/fmis-law.com.br\/en\/wp-json\/wp\/v2\/media?parent=4692"}],"curies":[{"name":"wp","href":"https:\/\/api.w.org\/{rel}","templated":true}]}}