{"id":4558,"date":"2021-11-09T13:18:35","date_gmt":"2021-11-09T16:18:35","guid":{"rendered":"https:\/\/fmis-law.com.br\/?page_id=4558"},"modified":"2025-03-05T20:51:07","modified_gmt":"2025-03-05T23:51:07","slug":"quem-somos-2-2","status":"publish","type":"page","link":"https:\/\/fmis-law.com.br\/en\/quem-somos-2-2\/","title":{"rendered":"About Us"},"content":{"rendered":"<div data-colibri-id=\"4558-c1\" class=\"style-1520 style-local-4558-c1 position-relative\">\n  <!---->\n  <div data-colibri-component=\"section\" data-colibri-id=\"4558-c2\" id=\"blank-2\" class=\"h-section h-section-global-spacing d-flex align-items-lg-center align-items-md-center align-items-center style-1521 style-local-4558-c2 position-relative\">\n    <!---->\n    <!---->\n    <div class=\"h-section-grid-container h-section-boxed-container\">\n      <!---->\n      <div data-colibri-id=\"4558-c3\" class=\"h-row-container gutters-row-lg-2 gutters-row-md-2 gutters-row-0 gutters-row-v-lg-2 gutters-row-v-md-2 gutters-row-v-2 style-2563 style-local-4558-c3 position-relative\">\n        <!---->\n        <div class=\"h-row justify-content-lg-center justify-content-md-center justify-content-center align-items-lg-stretch align-items-md-stretch align-items-stretch gutters-col-lg-2 gutters-col-md-2 gutters-col-0 gutters-col-v-lg-2 gutters-col-v-md-2 gutters-col-v-2\">\n          <!---->\n          <div class=\"h-column h-column-container d-flex h-col-lg-auto h-col-md-auto h-col-auto style-2565-outer style-local-4558-c4-outer\">\n            <div data-colibri-id=\"4558-c4\" class=\"d-flex h-flex-basis h-column__inner h-px-lg-2 h-px-md-2 h-px-2 v-inner-lg-2 v-inner-md-2 v-inner-2 style-2565 style-local-4558-c4 position-relative\">\n              <!---->\n              <!---->\n              <div class=\"w-100 h-y-container h-column__content h-column__v-align flex-basis-100 align-self-lg-start align-self-md-start align-self-start\">\n                <!---->\n                <div data-colibri-id=\"4558-c5\" class=\"h-global-transition-all h-heading style-2568 style-local-4558-c5 position-relative h-element\">\n                  <!---->\n                  <div class=\"h-heading__outer style-2568 style-local-4558-c5\">\n                    <!---->\n                    <!---->\n                    <h1 class=\"\">About Us<\/h1>\n                  <\/div>\n                <\/div>\n              <\/div>\n            <\/div>\n          <\/div>\n        <\/div>\n      <\/div>\n    <\/div>\n  <\/div>\n  <div data-colibri-component=\"section\" data-colibri-id=\"4558-c10\" id=\"blank-3\" class=\"h-section h-section-global-spacing d-flex align-items-lg-center align-items-md-center align-items-center style-4217 style-local-4558-c10 position-relative\">\n    <!---->\n    <!---->\n    <div class=\"h-section-grid-container h-section-boxed-container\">\n      <!---->\n      <div data-colibri-id=\"4558-c11\" class=\"h-row-container gutters-row-lg-0 gutters-row-md-0 gutters-row-0 gutters-row-v-lg-0 gutters-row-v-md-0 gutters-row-v-0 style-4227 style-local-4558-c11 position-relative\">\n        <!---->\n        <div class=\"h-row justify-content-lg-center justify-content-md-center justify-content-center align-items-lg-stretch align-items-md-stretch align-items-stretch gutters-col-lg-0 gutters-col-md-0 gutters-col-0 gutters-col-v-lg-0 gutters-col-v-md-0 gutters-col-v-0\">\n          <!---->\n          <div class=\"h-column h-column-container d-flex h-col-lg-auto h-col-md-auto h-col-auto style-4228-outer style-local-4558-c12-outer\">\n            <div data-colibri-id=\"4558-c12\" class=\"d-flex h-flex-basis h-column__inner h-px-lg-0 h-px-md-0 h-px-0 v-inner-lg-0 v-inner-md-0 v-inner-0 style-4228 style-local-4558-c12 position-relative\">\n              <!---->\n              <!---->\n              <div class=\"w-100 h-y-container h-column__content h-column__v-align flex-basis-100 align-self-lg-start align-self-md-start align-self-start\">\n                <!---->\n                <div data-colibri-id=\"4558-c13\" class=\"h-divider style-4226 style-local-4558-c13 position-relative h-element\">\n                  <!----><span class=\"h-divider__line style-4226-line style-local-4558-c13-line style-4226-line style-local-4558-c13-line\"><\/span><\/div>\n              <\/div>\n            <\/div>\n          <\/div>\n        <\/div>\n      <\/div>\n    <\/div>\n  <\/div>\n  <div data-colibri-component=\"section\" data-colibri-id=\"4558-c18\" id=\"content\" class=\"h-section h-section-global-spacing d-flex align-items-lg-center align-items-md-center align-items-center style-1529 style-local-4558-c18 position-relative\">\n    <!---->\n    <!---->\n    <div class=\"h-section-grid-container h-section-boxed-container\">\n      <!---->\n      <div data-colibri-id=\"4558-c19\" class=\"h-row-container gutters-row-lg-3 gutters-row-md-3 gutters-row-2 gutters-row-v-lg-3 gutters-row-v-md-3 gutters-row-v-2 style-1530 style-local-4558-c19 position-relative\">\n        <!---->\n        <div class=\"h-row justify-content-lg-center justify-content-md-center justify-content-center align-items-lg-stretch align-items-md-stretch align-items-stretch gutters-col-lg-3 gutters-col-md-3 gutters-col-2 gutters-col-v-lg-3 gutters-col-v-md-3 gutters-col-v-2\">\n          <!---->\n          <div class=\"h-column h-column-container d-flex h-col-lg-6 h-col-md-6 h-col-12 style-1531-outer style-local-4558-c20-outer\">\n            <div data-colibri-id=\"4558-c20\" class=\"d-flex h-flex-basis h-column__inner h-px-lg-3 h-px-md-3 h-px-3 v-inner-lg-3 v-inner-md-3 v-inner-3 style-1531 style-local-4558-c20 position-relative\">\n              <!---->\n              <!---->\n              <div class=\"w-100 h-y-container h-column__content h-column__v-align flex-basis-100 align-self-lg-start align-self-md-start align-self-start\">\n                <!---->\n                <div data-colibri-id=\"4558-c21\" class=\"h-text h-text-component style-1532 style-local-4558-c21 position-relative h-element\">\n                  <!---->\n                  <!---->\n                  <div class=\"\">\n                    <p>Fonseca Moreti Ito Stefano is a multidisciplinary law firm based in S\u00e3o Paulo, Brazil with offices in Miami, USA and Madrid, Spain. Our team is committed to continuously deliver excellence to national and international clients by seeking in-depth knowledge about their businesses and markets.<\/p>\n                    <p>The firm\u2019s multidisciplinary team \u2013 both in the legal field and in others alongside it \u2013 is prepared to offer customized services according to each client\u2019s needs, priorities and strategies.<\/p>\n                  <\/div>\n                <\/div>\n              <\/div>\n            <\/div>\n          <\/div>\n          <div class=\"h-column h-column-container d-flex h-col-lg-6 h-col-md-6 h-col-12 style-1533-outer style-local-4558-c22-outer\">\n            <div data-colibri-id=\"4558-c22\" class=\"d-flex h-flex-basis h-column__inner h-px-lg-3 h-px-md-3 h-px-3 v-inner-lg-3 v-inner-md-3 v-inner-3 style-1533 style-local-4558-c22 position-relative\">\n              <!---->\n              <!---->\n              <div class=\"w-100 h-y-container h-column__content h-column__v-align flex-basis-100 align-self-lg-start align-self-md-start align-self-start\">\n                <!---->\n                <div data-colibri-id=\"4558-c23\" class=\"h-text h-text-component style-1534 style-local-4558-c23 position-relative h-element\">\n                  <!---->\n                  <!---->\n                  <div class=\"\">\n                    <p>Our lawyers have a great deal of experience working for important law firms and for national and multinational companies.<\/p>\n                    <p>Our team is made up of professionals with extensive experience in law, in the business environment and in academy.<\/p>\n                    <p>Fonseca Moreti Ito Stefano Advogados offers consulting, planning, litigation and conflict resolution custom fit services. The firm\u2019s contemporary administrative and technological infrastructure is nationally and internationally recognized for its efficiency and for the exceptional quality of its results.<\/p>\n                  <\/div>\n                <\/div>\n              <\/div>\n            <\/div>\n          <\/div>\n        <\/div>\n      <\/div>\n    <\/div>\n  <\/div>\n  <div data-colibri-component=\"section\" data-colibri-id=\"4558-c24\" id=\"cta\" class=\"h-section h-section-global-spacing d-flex align-items-lg-center align-items-md-center align-items-center style-1535 style-local-4558-c24 position-relative\">\n    <!---->\n    <!---->\n    <div class=\"h-section-grid-container h-section-fluid-container\">\n      <!---->\n      <div data-colibri-id=\"4558-c25\" class=\"h-row-container gutters-row-lg-2 gutters-row-md-2 gutters-row-0 gutters-row-v-lg-2 gutters-row-v-md-2 gutters-row-v-2 style-1536 style-local-4558-c25 position-relative\">\n        <!---->\n        <div class=\"h-row justify-content-lg-center justify-content-md-center justify-content-center align-items-lg-stretch align-items-md-stretch align-items-stretch gutters-col-lg-2 gutters-col-md-2 gutters-col-0 gutters-col-v-lg-2 gutters-col-v-md-2 gutters-col-v-2\">\n          <!---->\n          <div class=\"h-column h-column-container d-flex h-col-lg-auto h-col-md-auto h-col-auto style-1537-outer style-local-4558-c26-outer\">\n            <div data-colibri-id=\"4558-c26\" class=\"d-flex h-flex-basis h-column__inner h-ui-empty-state-container h-px-lg-2 h-px-md-2 h-px-2 v-inner-lg-2 v-inner-md-2 v-inner-2 style-1537 style-local-4558-c26 position-relative\">\n              <!---->\n              <!---->\n              <div class=\"w-100 h-y-container h-column__content h-column__v-align flex-basis-100\">\n                <!---->\n              <\/div>\n            <\/div>\n          <\/div>\n        <\/div>\n      <\/div>\n    <\/div>\n  <\/div>\n  <div data-colibri-component=\"section\" data-colibri-id=\"4558-c61\" id=\"reusable-sections\" class=\"h-section h-section-global-spacing d-flex align-items-lg-center align-items-md-center align-items-center style-12865 style-local-4558-c61 position-relative\">\n    <!---->\n    <!---->\n    <div class=\"h-section-grid-container h-section-fluid-container\">\n      <!---->\n      <div data-colibri-id=\"4558-c62\" class=\"h-row-container gutters-row-lg-1 gutters-row-md-1 gutters-row-0 gutters-row-v-lg-1 gutters-row-v-md-1 gutters-row-v-1 style-12866 style-local-4558-c62 position-relative\">\n        <!---->\n        <div class=\"h-row justify-content-lg-center justify-content-md-center justify-content-center align-items-lg-stretch align-items-md-stretch align-items-stretch gutters-col-lg-1 gutters-col-md-1 gutters-col-0 gutters-col-v-lg-1 gutters-col-v-md-1 gutters-col-v-1\">\n          <!---->\n          <div class=\"h-column h-column-container d-flex h-col-lg-auto h-col-md-auto h-col-auto style-12867-outer style-local-4558-c63-outer\">\n            <div data-colibri-id=\"4558-c63\" class=\"d-flex h-flex-basis h-column__inner h-px-lg-1 h-px-md-1 h-px-1 v-inner-lg-1 v-inner-md-1 v-inner-1 style-12867 style-local-4558-c63 position-relative\">\n              <!---->\n              <!---->\n              <div class=\"w-100 h-y-container h-column__content h-column__v-align flex-basis-100 align-self-lg-center align-self-md-center align-self-center\">\n                <!---->\n                <div data-colibri-id=\"4558-c64\" class=\"d-block style-12868 style-local-4558-c64 position-relative h-element\">\n                  <!---->\n                  <div class=\"h-image__frame-container-outer\">\n                    <div class=\"h-image__frame-container\">\n                      <!---->\n                      <!---->\n                      <img loading=\"lazy\" decoding=\"async\" width=\"600\" height=\"278\" src=\"https:\/\/fmis-law.com.br\/wp-content\/uploads\/2024\/10\/fmis.png\" class=\"wp-image-14237 style-12868-image style-local-4558-c64-image\" alt=\"\" srcset=\"https:\/\/fmis-law.com.br\/wp-content\/uploads\/2024\/10\/fmis.png 600w, https:\/\/fmis-law.com.br\/wp-content\/uploads\/2024\/10\/fmis-300x139.png 300w, https:\/\/fmis-law.com.br\/wp-content\/uploads\/2024\/10\/fmis-18x8.png 18w\" sizes=\"auto, (max-width: 600px) 100vw, 600px\" \/>\n                      <div class=\"h-image__frame h-hide-lg h-hide-md h-hide-sm style-12868-frameImage style-local-4558-c64-frameImage\"><\/div>\n                    <\/div>\n                  <\/div>\n                <\/div>\n              <\/div>\n            <\/div>\n          <\/div>\n          <div class=\"h-column h-column-container d-flex h-col-lg-auto h-col-md-auto h-col-auto style-12869-outer style-local-4558-c65-outer\">\n            <div data-colibri-id=\"4558-c65\" class=\"d-flex h-flex-basis h-column__inner h-px-lg-1 h-px-md-1 h-px-1 v-inner-lg-1 v-inner-md-1 v-inner-1 style-12869 style-local-4558-c65 position-relative\">\n              <!---->\n              <!---->\n              <div class=\"w-100 h-y-container h-column__content h-column__v-align flex-basis-100 align-self-lg-center align-self-md-center align-self-center\">\n                <!---->\n                <div data-colibri-id=\"4558-c66\" class=\"h-x-container style-12870 style-local-4558-c66 position-relative h-element\">\n                  <!---->\n                  <div class=\"h-x-container-inner style-dynamic-4558-c66-group style-12870-spacing style-local-4558-c66-spacing\"><span class=\"h-link__outer style-12871-outer style-local-4558-c67-outer d-inline-flex h-element\"><a h-use-smooth-scroll=\"true\" href=\"\"  data-colibri-id=\"4558-c67\" class=\"d-flex w-100 align-items-center h-link style-12871 style-local-4558-c67 position-relative\"><!----><span  class=\"h-svg-icon h-link__icon style-12871-icon style-local-4558-c67-icon\"><!--Icon by Font Awesome (https:\/\/fontawesome.com)-->\n    <svg version=\"1.1\" xmlns=\"http:\/\/www.w3.org\/2000\/svg\" xmlns:xlink=\"http:\/\/www.w3.org\/1999\/xlink\" id=\"map-marker\" viewbox=\"0 0 1049.8953 1896.0833\">\n      <path d=\"M768 640q0-106-75-181t-181-75-181 75-75 181 75 181 181 75 181-75 75-181zm256 0q0 109-33 179l-364 774q-16 33-47.5 52t-67.5 19-67.5-19-46.5-52L33 819Q0 749 0 640q0-212 150-362t362-150 362 150 150 362z\"><\/path>\n    <\/svg><\/span> <span>Brazil<\/span><\/a>\n                    <\/span>\n                  <\/div>\n                <\/div>\n                <div data-colibri-id=\"4558-c68\" class=\"h-x-container style-12872 style-local-4558-c68 position-relative h-element\">\n                  <!---->\n                  <div class=\"h-x-container-inner style-dynamic-4558-c68-group style-12872-spacing style-local-4558-c68-spacing\"><span class=\"h-link__outer style-12873-outer style-local-4558-c69-outer d-inline-flex h-element\"><a h-use-smooth-scroll=\"true\" href=\"https:\/\/g.co\/kgs\/U1UdnDT\" target=\"_blank\"  data-colibri-id=\"4558-c69\" class=\"d-flex w-100 align-items-center h-link style-12873 style-local-4558-c69 position-relative\"><!----><!----> <span>Pra\u00e7a Jo\u00e3o Duran Alonso, 34, 10\u00b0 andar Brooklin \u2013 SP<\/span><\/a>\n                    <\/span>\n                  <\/div>\n                <\/div>\n              <\/div>\n            <\/div>\n          <\/div>\n          <div class=\"h-column h-column-container d-flex h-col-lg-auto h-col-md-auto h-col-auto style-12874-outer style-local-4558-c70-outer\">\n            <div data-colibri-id=\"4558-c70\" class=\"d-flex h-flex-basis h-column__inner h-px-lg-1 h-px-md-1 h-px-1 v-inner-lg-1 v-inner-md-1 v-inner-1 style-12874 style-local-4558-c70 position-relative\">\n              <!---->\n              <!---->\n              <div class=\"w-100 h-y-container h-column__content h-column__v-align flex-basis-100 align-self-lg-center align-self-md-center align-self-center\">\n                <!---->\n                <div data-colibri-id=\"4558-c71\" class=\"h-x-container style-12875 style-local-4558-c71 position-relative h-element\">\n                  <!---->\n                  <div class=\"h-x-container-inner style-dynamic-4558-c71-group style-12875-spacing style-local-4558-c71-spacing\"><span class=\"h-link__outer style-12876-outer style-local-4558-c72-outer d-inline-flex h-element\"><a h-use-smooth-scroll=\"true\" href=\"\/en\/1101 Brickell Ave, South Tower 8th Floor Miami, FL 33131 + 1 (305) 728-8830\/\"  data-colibri-id=\"4558-c72\" class=\"d-flex w-100 align-items-center h-link style-12876 style-local-4558-c72 position-relative\"><!----><span  class=\"h-svg-icon h-link__icon style-12876-icon style-local-4558-c72-icon\"><!--Icon by Font Awesome (https:\/\/fontawesome.com)-->\n    <svg version=\"1.1\" xmlns=\"http:\/\/www.w3.org\/2000\/svg\" xmlns:xlink=\"http:\/\/www.w3.org\/1999\/xlink\" id=\"map-marker\" viewbox=\"0 0 1049.8953 1896.0833\">\n      <path d=\"M768 640q0-106-75-181t-181-75-181 75-75 181 75 181 181 75 181-75 75-181zm256 0q0 109-33 179l-364 774q-16 33-47.5 52t-67.5 19-67.5-19-46.5-52L33 819Q0 749 0 640q0-212 150-362t362-150 362 150 150 362z\"><\/path>\n    <\/svg><\/span> <span>Miami<\/span><\/a>\n                    <\/span><span class=\"h-link__outer style-12877-outer style-local-4558-c73-outer d-inline-flex h-element\"><a h-use-smooth-scroll=\"true\" href=\"https:\/\/maps.app.goo.gl\/XK8mnzTAXM7DLKPY8\" target=\"_blank\"  data-colibri-id=\"4558-c73\" class=\"d-flex w-100 align-items-center h-link style-12877 style-local-4558-c73 position-relative\"><!----><!----> <span>1101 Brickell Ave, South Tower 8th Floor Miami, FL 33131 <\/span><\/a>\n                    <\/span>\n                  <\/div>\n                <\/div>\n              <\/div>\n            <\/div>\n          <\/div>\n          <div class=\"h-column h-column-container d-flex h-col-lg-auto h-col-md-auto h-col-auto style-12878-outer style-local-4558-c74-outer\">\n            <div data-colibri-id=\"4558-c74\" class=\"d-flex h-flex-basis h-column__inner h-px-lg-1 h-px-md-1 h-px-1 v-inner-lg-1 v-inner-md-1 v-inner-1 style-12878 style-local-4558-c74 position-relative\">\n              <!---->\n              <!---->\n              <div class=\"w-100 h-y-container h-column__content h-column__v-align flex-basis-100 align-self-lg-center align-self-md-center align-self-center\">\n                <!---->\n                <div data-colibri-id=\"4558-c75\" class=\"h-x-container style-12879 style-local-4558-c75 position-relative h-element\">\n                  <!---->\n                  <div class=\"h-x-container-inner style-dynamic-4558-c75-group style-12879-spacing style-local-4558-c75-spacing\"><span class=\"h-link__outer style-12880-outer style-local-4558-c76-outer d-inline-flex h-element\"><a h-use-smooth-scroll=\"true\" href=\"\/en\/Paseo General Mart\u00ednez Campos 49, 6\u00ba planta 28010 Madrid  Spain\/\"  data-colibri-id=\"4558-c76\" class=\"d-flex w-100 align-items-center h-link style-12880 style-local-4558-c76 position-relative\"><!----><span  class=\"h-svg-icon h-link__icon style-12880-icon style-local-4558-c76-icon\"><!--Icon by Font Awesome (https:\/\/fontawesome.com)-->\n    <svg version=\"1.1\" xmlns=\"http:\/\/www.w3.org\/2000\/svg\" xmlns:xlink=\"http:\/\/www.w3.org\/1999\/xlink\" id=\"map-marker\" viewbox=\"0 0 1049.8953 1896.0833\">\n      <path d=\"M768 640q0-106-75-181t-181-75-181 75-75 181 75 181 181 75 181-75 75-181zm256 0q0 109-33 179l-364 774q-16 33-47.5 52t-67.5 19-67.5-19-46.5-52L33 819Q0 749 0 640q0-212 150-362t362-150 362 150 150 362z\"><\/path>\n    <\/svg><\/span> <span>Spain<\/span><\/a>\n                    <\/span><span class=\"h-link__outer style-12881-outer style-local-4558-c77-outer d-inline-flex h-element\"><a h-use-smooth-scroll=\"true\" href=\"https:\/\/maps.app.goo.gl\/QfmVGfppqdJ7qppr6\" target=\"_blank\"  data-colibri-id=\"4558-c77\" class=\"d-flex w-100 align-items-center h-link style-12881 style-local-4558-c77 position-relative\"><!----><!----> <span>Paseo General Mart\u00ednez Campos 49, 6\u00ba planta 28010 Madrid  Spain<\/span><\/a>\n                    <\/span>\n                  <\/div>\n                <\/div>\n              <\/div>\n            <\/div>\n          <\/div>\n          <div class=\"h-column h-column-container d-flex h-col-lg-auto h-col-md-auto h-col-auto style-12882-outer style-local-4558-c78-outer\">\n            <div data-colibri-id=\"4558-c78\" class=\"d-flex h-flex-basis h-column__inner h-px-lg-1 h-px-md-1 h-px-1 v-inner-lg-1 v-inner-md-1 v-inner-1 style-12882 style-local-4558-c78 position-relative\">\n              <!---->\n              <!---->\n              <div class=\"w-100 h-y-container h-column__content h-column__v-align flex-basis-100 align-self-lg-center align-self-md-center align-self-center\">\n                <!---->\n                <div data-colibri-id=\"4558-c79\" class=\"d-block style-12883 style-local-4558-c79 position-relative h-element\">\n                  <!---->\n                  <div class=\"h-image__frame-container-outer\">\n                    <a href=\"https:\/\/www.bgi-law.com\/en\/\" target=\"_blank\" h-use-smooth-scroll=\"true\" class=\"image-link\">\n                      <div class=\"h-image__frame-container\">\n                        <!---->\n                        <!---->\n                        <img loading=\"lazy\" decoding=\"async\" width=\"500\" height=\"500\" src=\"https:\/\/fmis-law.com.br\/wp-content\/uploads\/2024\/11\/Design-sem-nome_012-1.png\" class=\"wp-image-14733 style-12883-image style-local-4558-c79-image\" alt=\"\" srcset=\"https:\/\/fmis-law.com.br\/wp-content\/uploads\/2024\/11\/Design-sem-nome_012-1.png 500w, https:\/\/fmis-law.com.br\/wp-content\/uploads\/2024\/11\/Design-sem-nome_012-1-300x300.png 300w, https:\/\/fmis-law.com.br\/wp-content\/uploads\/2024\/11\/Design-sem-nome_012-1-150x150.png 150w, https:\/\/fmis-law.com.br\/wp-content\/uploads\/2024\/11\/Design-sem-nome_012-1-12x12.png 12w\" sizes=\"auto, (max-width: 500px) 100vw, 500px\" \/>\n                        <div class=\"h-image__frame h-hide-lg h-hide-md h-hide-sm style-12883-frameImage style-local-4558-c79-frameImage\"><\/div>\n                      <\/div>\n                    <\/a>\n                  <\/div>\n                <\/div>\n              <\/div>\n            <\/div>\n          <\/div>\n        <\/div>\n      <\/div>\n    <\/div>\n  <\/div>\n  <div data-colibri-component=\"section\" data-colibri-id=\"4558-c84\" id=\"reusable-sections-2\" class=\"h-section h-section-global-spacing d-flex align-items-lg-center align-items-md-center align-items-center style-12888 style-local-4558-c84 position-relative\">\n    <!---->\n    <!---->\n    <div class=\"h-section-grid-container h-section-fluid-container\">\n      <!---->\n      <div data-colibri-id=\"4558-c85\" class=\"h-row-container gutters-row-lg-0 gutters-row-md-0 gutters-row-0 gutters-row-v-lg-0 gutters-row-v-md-0 gutters-row-v-0 style-12889 style-local-4558-c85 position-relative\">\n        <!---->\n        <div class=\"h-row justify-content-lg-center justify-content-md-center justify-content-center align-items-lg-stretch align-items-md-stretch align-items-stretch gutters-col-lg-0 gutters-col-md-0 gutters-col-0 gutters-col-v-lg-0 gutters-col-v-md-0 gutters-col-v-0\">\n          <!---->\n          <div class=\"h-column h-column-container d-flex h-col-lg-6 h-col-md-6 h-col-12 style-12890-outer style-local-4558-c86-outer\">\n            <div data-colibri-id=\"4558-c86\" class=\"d-flex h-flex-basis h-column__inner h-px-lg-0 h-px-md-0 h-px-0 v-inner-lg-0 v-inner-md-0 v-inner-0 style-12890 style-local-4558-c86 position-relative\">\n              <!---->\n              <!---->\n              <div class=\"w-100 h-y-container h-column__content h-column__v-align flex-basis-100 align-self-lg-start align-self-md-start align-self-start\">\n                <!---->\n                <div data-colibri-id=\"4558-c87\" class=\"h-x-container style-12891 style-local-4558-c87 position-relative h-element\">\n                  <!---->\n                  <div class=\"h-x-container-inner style-dynamic-4558-c87-group style-12891-spacing style-local-4558-c87-spacing\"><span class=\"h-link__outer style-12892-outer style-local-4558-c88-outer d-inline-flex h-element\"><a h-use-smooth-scroll=\"true\" href=\"http:\/\/www.m2comunicacao.com.br\" target=\"_blank\"  data-colibri-id=\"4558-c88\" class=\"d-flex w-100 align-items-center h-link style-12892 style-local-4558-c88 position-relative\"><!----><!----> <span>Desenvolvido por M2 Comunica\u00e7\u00e3o Jur\u00eddica<\/span><\/a>\n                    <\/span>\n                  <\/div>\n                <\/div>\n              <\/div>\n            <\/div>\n          <\/div>\n          <div class=\"h-column h-column-container d-flex h-col-lg-6 h-col-md-6 h-col-12 style-12893-outer style-local-4558-c89-outer\">\n            <div data-colibri-id=\"4558-c89\" class=\"d-flex h-flex-basis h-column__inner h-px-lg-0 h-px-md-0 h-px-0 v-inner-lg-0 v-inner-md-0 v-inner-0 style-12893 style-local-4558-c89 position-relative\">\n              <!---->\n              <!---->\n              <div class=\"w-100 h-y-container h-column__content h-column__v-align flex-basis-100 align-self-lg-start align-self-md-start align-self-start\">\n                <!---->\n                <div data-colibri-id=\"4558-c90\" class=\"h-text h-text-component style-12894 style-local-4558-c90 position-relative h-element\">\n                  <!---->\n                  <!---->\n                  <div class=\"\">\n                    <p>\u00a9 All Rights Reserved.<\/p>\n                  <\/div>\n                <\/div>\n              <\/div>\n            <\/div>\n          <\/div>\n        <\/div>\n      <\/div>\n    <\/div>\n  <\/div>\n<\/div>","protected":false},"excerpt":{"rendered":"<p>Quem Somos O Fonseca Moreti Ito Stefano Advogados \u00e9 um escrit\u00f3rio de advocacia&nbsp;com atua\u00e7\u00e3o multidisciplinar&nbsp;baseado em S\u00e3o Paulo. A banca est\u00e1 compromissada com padr\u00f5es de excel\u00eancia para com os seus clientes brasileiros e estrangeiros. A preocupa\u00e7\u00e3o em compreender profundamente os neg\u00f3cios e os mais diversos mercados \u00e9 constante, para que haja continua efici\u00eancia na consecu\u00e7\u00e3o [&hellip;]<\/p>","protected":false},"author":1,"featured_media":0,"parent":0,"menu_order":0,"comment_status":"closed","ping_status":"closed","template":"page-templates\/full-width-page.php","meta":{"footnotes":"","_links_to":"","_links_to_target":""},"class_list":["post-4558","page","type-page","status-publish","hentry"],"_links":{"self":[{"href":"https:\/\/fmis-law.com.br\/en\/wp-json\/wp\/v2\/pages\/4558","targetHints":{"allow":["GET"]}}],"collection":[{"href":"https:\/\/fmis-law.com.br\/en\/wp-json\/wp\/v2\/pages"}],"about":[{"href":"https:\/\/fmis-law.com.br\/en\/wp-json\/wp\/v2\/types\/page"}],"author":[{"embeddable":true,"href":"https:\/\/fmis-law.com.br\/en\/wp-json\/wp\/v2\/users\/1"}],"replies":[{"embeddable":true,"href":"https:\/\/fmis-law.com.br\/en\/wp-json\/wp\/v2\/comments?post=4558"}],"version-history":[{"count":7,"href":"https:\/\/fmis-law.com.br\/en\/wp-json\/wp\/v2\/pages\/4558\/revisions"}],"predecessor-version":[{"id":16052,"href":"https:\/\/fmis-law.com.br\/en\/wp-json\/wp\/v2\/pages\/4558\/revisions\/16052"}],"wp:attachment":[{"href":"https:\/\/fmis-law.com.br\/en\/wp-json\/wp\/v2\/media?parent=4558"}],"curies":[{"name":"wp","href":"https:\/\/api.w.org\/{rel}","templated":true}]}}